{"id":707,"date":"2023-04-12T21:47:37","date_gmt":"2023-04-12T21:47:37","guid":{"rendered":"https:\/\/ambfamilyoffice.com.br\/links-uteis-copy\/"},"modified":"2025-08-22T09:35:32","modified_gmt":"2025-08-22T12:35:32","slug":"documentos","status":"publish","type":"page","link":"https:\/\/ambfamilyoffice.com.br\/en\/documentos\/","title":{"rendered":"Documentos"},"content":{"rendered":"\t\t<div data-elementor-type=\"wp-page\" data-elementor-id=\"707\" class=\"elementor elementor-707\" data-elementor-post-type=\"page\">\n\t\t\t\t<section class=\"elementor-element elementor-element-4ac1530 e-flex e-con-boxed e-con e-parent\" data-id=\"4ac1530\" data-element_type=\"container\" data-e-type=\"container\" data-settings=\"{&quot;background_background&quot;:&quot;classic&quot;}\">\n\t\t\t\t\t<div class=\"e-con-inner\">\n\t\t<div class=\"elementor-element elementor-element-63026a6 e-con-full e-flex e-con e-child\" data-id=\"63026a6\" data-element_type=\"container\" data-e-type=\"container\">\n\t\t\t\t<div class=\"elementor-element elementor-element-2b134e9 elementor-widget-tablet__width-inherit elementor-widget__width-initial elementor-widget elementor-widget-heading\" data-id=\"2b134e9\" data-element_type=\"widget\" data-e-type=\"widget\" data-widget_type=\"heading.default\">\n\t\t\t\t<div class=\"elementor-widget-container\">\n\t\t\t\t\t<h1 class=\"elementor-heading-title elementor-size-default\">Acesse aqui nossas pol\u00edticas de governan\u00e7a<\/h1>\t\t\t\t<\/div>\n\t\t\t\t<\/div>\n\t\t\t\t<div class=\"elementor-element elementor-element-fcc40c8 elementor-widget elementor-widget-text-editor\" data-id=\"fcc40c8\" data-element_type=\"widget\" data-e-type=\"widget\" data-widget_type=\"text-editor.default\">\n\t\t\t\t<div class=\"elementor-widget-container\">\n\t\t\t\t\t\t\t\t\t<ul><li><a href=\"http:\/\/ambfamilyoffice.com.br\/wp-content\/uploads\/2025\/08\/01-Formulario-de-Referencia-AMB-Multi-Family-Office.docx.pdf\" target=\"_blank\" rel=\"noopener\">Formul\u00e1rio de Refer\u00eancia<\/a><\/li><li><a href=\"http:\/\/ambfamilyoffice.com.br\/wp-content\/uploads\/2025\/08\/02-Manual-de-Compliance-AMB-Multi-Family-Office.docx.pdf\" target=\"_blank\" rel=\"noopener\">Manual de Compliance<\/a><\/li><li><a href=\"http:\/\/ambfamilyoffice.com.br\/wp-content\/uploads\/2025\/08\/03-Codigo-de-Conduta-e-Etica-AMB-Multi-Family-Office.docx.pdf\" target=\"_blank\" rel=\"noopener\">C\u00f3digo de \u00c9tica<\/a><\/li><li><a href=\"http:\/\/ambfamilyoffice.com.br\/wp-content\/uploads\/2025\/08\/08-Politica-de-PLD-AMB-Multi-Family-Office.docx.pdf\" target=\"_blank\" rel=\"noopener\">PLDFT<\/a><\/li><li><a href=\"http:\/\/ambfamilyoffice.com.br\/wp-content\/uploads\/2025\/08\/04-Politica-de-Investimentos-Pessoais-e-Recursos-Proprios-AMB-Multi-Family-Office.docx.pdf\" target=\"_blank\" rel=\"noopener\">Pol\u00edtica de Investimentos Pessoais<\/a><\/li><li><a href=\"http:\/\/ambfamilyoffice.com.br\/wp-content\/uploads\/2025\/08\/05-Politica-de-Gestao-de-Risco-AMB-Multi-Family-Office.docx-1.pdf\" target=\"_blank\" rel=\"noopener\">Pol\u00edtica de Gest\u00e3o de Risco<\/a><\/li><li><a href=\"http:\/\/ambfamilyoffice.com.br\/wp-content\/uploads\/2025\/08\/07-Politica-de-Seguranca-da-infrmacao.docx.pdf\" target=\"_blank\" rel=\"noopener\">Pol\u00edtica de Seguran\u00e7a da Informa\u00e7\u00e3o<\/a><\/li><li><a href=\"http:\/\/ambfamilyoffice.com.br\/wp-content\/uploads\/2025\/08\/06-Politica-de-Rateio-e-Divisao-de-Ordens-.docx.pdf\" target=\"_blank\" rel=\"noopener\">Pol\u00edtica de Rateio e Divis\u00e3o de Ordens<\/a><\/li><\/ul>\t\t\t\t\t\t\t\t<\/div>\n\t\t\t\t<\/div>\n\t\t\t\t<div class=\"elementor-element elementor-element-8a58fb5 elementor-widget elementor-widget-button\" data-id=\"8a58fb5\" data-element_type=\"widget\" data-e-type=\"widget\" data-widget_type=\"button.default\">\n\t\t\t\t<div class=\"elementor-widget-container\">\n\t\t\t\t\t\t\t\t\t<div class=\"elementor-button-wrapper\">\n\t\t\t\t\t<a class=\"elementor-button elementor-button-link elementor-size-sm\" href=\"\/\">\n\t\t\t\t\t\t<span class=\"elementor-button-content-wrapper\">\n\t\t\t\t\t\t\t\t\t<span class=\"elementor-button-text\">Voltar para o \u00ednicio<\/span>\n\t\t\t\t\t<\/span>\n\t\t\t\t\t<\/a>\n\t\t\t\t<\/div>\n\t\t\t\t\t\t\t\t<\/div>\n\t\t\t\t<\/div>\n\t\t\t\t<\/div>\n\t\t\t\t\t<\/div>\n\t\t\t\t<\/section>\n\t\t<div class=\"elementor-element elementor-element-aefd985 e-con-full e-flex e-con e-parent\" data-id=\"aefd985\" data-element_type=\"container\" data-e-type=\"container\" data-settings=\"{&quot;background_background&quot;:&quot;classic&quot;}\">\n\t\t<div class=\"elementor-element elementor-element-67a76f6 e-con-full e-flex e-con e-child\" data-id=\"67a76f6\" data-element_type=\"container\" data-e-type=\"container\">\n\t\t<div class=\"elementor-element elementor-element-8d3b008 e-con-full e-flex e-con e-child\" data-id=\"8d3b008\" data-element_type=\"container\" data-e-type=\"container\">\n\t\t<div class=\"elementor-element elementor-element-6ee10f0 e-con-full e-flex e-con e-child\" data-id=\"6ee10f0\" data-element_type=\"container\" data-e-type=\"container\" data-settings=\"{&quot;background_background&quot;:&quot;classic&quot;}\">\n\t\t<div class=\"elementor-element elementor-element-b86e44b e-con-full e-flex e-con e-child\" data-id=\"b86e44b\" data-element_type=\"container\" data-e-type=\"container\">\n\t\t\t\t<div class=\"elementor-element elementor-element-956e728 elementor-widget-tablet__width-initial elementor-widget__width-initial balanceado elementor-widget elementor-widget-heading\" data-id=\"956e728\" data-element_type=\"widget\" data-e-type=\"widget\" data-widget_type=\"heading.default\">\n\t\t\t\t<div class=\"elementor-widget-container\">\n\t\t\t\t\t<h2 class=\"elementor-heading-title elementor-size-default\">A sofistica\u00e7\u00e3o de quem\nsempre foi e sempre\nser\u00e1 independente. <\/h2>\t\t\t\t<\/div>\n\t\t\t\t<\/div>\n\t\t\t\t<div class=\"elementor-element elementor-element-bbaae32 elementor-widget__width-initial balanceado animated-fast elementor-invisible elementor-widget elementor-widget-text-editor\" data-id=\"bbaae32\" data-element_type=\"widget\" data-e-type=\"widget\" data-settings=\"{&quot;_animation&quot;:&quot;fadeIn&quot;,&quot;_animation_delay&quot;:100}\" data-widget_type=\"text-editor.default\">\n\t\t\t\t<div class=\"elementor-widget-container\">\n\t\t\t\t\t\t\t\t\t<p>Sempre moderno como quem se prepara para o futuro.<\/p>\t\t\t\t\t\t\t\t<\/div>\n\t\t\t\t<\/div>\n\t\t\t\t<\/div>\n\t\t\t\t<\/div>\n\t\t<div class=\"elementor-element elementor-element-5c6472e e-flex e-con-boxed e-con e-child\" data-id=\"5c6472e\" data-element_type=\"container\" data-e-type=\"container\">\n\t\t\t\t\t<div class=\"e-con-inner\">\n\t\t<div class=\"elementor-element elementor-element-07ccd5c e-con-full e-flex e-con e-child\" data-id=\"07ccd5c\" data-element_type=\"container\" data-e-type=\"container\">\n\t\t\t\t<div class=\"elementor-element elementor-element-9c2bef8 elementor-widget-tablet__width-initial animated-fast elementor-invisible elementor-widget elementor-widget-heading\" data-id=\"9c2bef8\" data-element_type=\"widget\" data-e-type=\"widget\" data-settings=\"{&quot;_animation&quot;:&quot;fadeIn&quot;,&quot;_animation_delay&quot;:400}\" data-widget_type=\"heading.default\">\n\t\t\t\t<div class=\"elementor-widget-container\">\n\t\t\t\t\t<h3 class=\"elementor-heading-title elementor-size-default\">Converse Conosco<\/h3>\t\t\t\t<\/div>\n\t\t\t\t<\/div>\n\t\t\t\t<div class=\"elementor-element elementor-element-9b7a3e0 elementor-widget__width-initial elementor-button-align-end elementor-widget elementor-widget-form\" data-id=\"9b7a3e0\" data-element_type=\"widget\" data-e-type=\"widget\" data-settings=\"{&quot;step_next_label&quot;:&quot;Next&quot;,&quot;step_previous_label&quot;:&quot;Previous&quot;,&quot;button_width&quot;:&quot;100&quot;,&quot;step_type&quot;:&quot;number_text&quot;,&quot;step_icon_shape&quot;:&quot;circle&quot;}\" data-widget_type=\"form.default\">\n\t\t\t\t<div class=\"elementor-widget-container\">\n\t\t\t\t\t\t\t<form class=\"elementor-form\" method=\"post\" name=\"Formul\u00e1rio - Home AMB\" aria-label=\"Formul\u00e1rio - Home AMB\">\n\t\t\t<input type=\"hidden\" name=\"post_id\" value=\"707\"\/>\n\t\t\t<input type=\"hidden\" name=\"form_id\" value=\"9b7a3e0\"\/>\n\t\t\t<input type=\"hidden\" name=\"referer_title\" value=\"Documentos - AMB\" \/>\n\n\t\t\t\t\t\t\t<input type=\"hidden\" name=\"queried_id\" value=\"707\"\/>\n\t\t\t\n\t\t\t<div class=\"elementor-form-fields-wrapper elementor-labels-\">\n\t\t\t\t\t\t\t\t<div class=\"elementor-field-type-text elementor-field-group elementor-column elementor-field-group-name elementor-col-100 elementor-field-required\">\n\t\t\t\t\t\t\t\t\t\t\t\t<label for=\"form-field-name\" class=\"elementor-field-label elementor-screen-only\">\n\t\t\t\t\t\t\t\tName\t\t\t\t\t\t\t<\/label>\n\t\t\t\t\t\t\t\t\t\t\t\t\t\t<input size=\"1\" type=\"text\" name=\"form_fields[name]\" id=\"form-field-name\" class=\"elementor-field elementor-size-sm  elementor-field-textual\" placeholder=\"Seu nome\" required=\"required\">\n\t\t\t\t\t\t\t\t\t\t\t<\/div>\n\t\t\t\t\t\t\t\t<div class=\"elementor-field-type-tel elementor-field-group elementor-column elementor-field-group-telefone elementor-col-100\">\n\t\t\t\t\t\t\t\t\t\t\t\t<label for=\"form-field-telefone\" class=\"elementor-field-label elementor-screen-only\">\n\t\t\t\t\t\t\t\ttelefone\t\t\t\t\t\t\t<\/label>\n\t\t\t\t\t\t\t\t<input size=\"1\" type=\"tel\" name=\"form_fields[telefone]\" id=\"form-field-telefone\" class=\"elementor-field elementor-size-sm  elementor-field-textual\" placeholder=\"Seu telefone\" pattern=\"[0-9()#&amp;+*-=.]+\" title=\"Only numbers and phone characters (#, -, *, etc) are accepted.\">\n\n\t\t\t\t\t\t<\/div>\n\t\t\t\t\t\t\t\t<div class=\"elementor-field-type-email elementor-field-group elementor-column elementor-field-group-email elementor-col-100 elementor-field-required\">\n\t\t\t\t\t\t\t\t\t\t\t\t<label for=\"form-field-email\" class=\"elementor-field-label elementor-screen-only\">\n\t\t\t\t\t\t\t\tEmail\t\t\t\t\t\t\t<\/label>\n\t\t\t\t\t\t\t\t\t\t\t\t\t\t<input size=\"1\" type=\"email\" name=\"form_fields[email]\" id=\"form-field-email\" class=\"elementor-field elementor-size-sm  elementor-field-textual\" placeholder=\"Seu e-mail\" required=\"required\">\n\t\t\t\t\t\t\t\t\t\t\t<\/div>\n\t\t\t\t\t\t\t\t<div class=\"elementor-field-type-textarea elementor-field-group elementor-column elementor-field-group-mensagem elementor-col-100\">\n\t\t\t\t\t\t\t\t\t\t\t\t<label for=\"form-field-mensagem\" class=\"elementor-field-label elementor-screen-only\">\n\t\t\t\t\t\t\t\tmensagem\t\t\t\t\t\t\t<\/label>\n\t\t\t\t\t\t<textarea class=\"elementor-field-textual elementor-field  elementor-size-sm\" name=\"form_fields[mensagem]\" id=\"form-field-mensagem\" rows=\"4\" placeholder=\"Sua mensagem\"><\/textarea>\t\t\t\t<\/div>\n\t\t\t\t\t\t\t\t<div class=\"elementor-field-type-checkbox elementor-field-group elementor-column elementor-field-group-concentimento elementor-col-100\">\n\t\t\t\t\t\t\t\t\t\t\t\t<label for=\"form-field-concentimento\" class=\"elementor-field-label elementor-screen-only\">\n\t\t\t\t\t\t\t\tconcentimento\t\t\t\t\t\t\t<\/label>\n\t\t\t\t\t\t<div class=\"elementor-field-subgroup  elementor-subgroup-inline\"><span class=\"elementor-field-option\"><input type=\"checkbox\" value=\"Ao enviar voc\u00ea est\u00e1 ciente e de acordo com nossa &lt;a href=&quot;https:\/\/ambfamilyoffice.com.br\/politica-de-privacidade\/&quot;&gt; Pol\u00edtica de Privacidade&lt;\/a&gt;.\" id=\"form-field-concentimento-0\" name=\"form_fields[concentimento]\"> <label for=\"form-field-concentimento-0\">Ao enviar voc\u00ea est\u00e1 ciente e de acordo com nossa <a href=\"https:\/\/ambfamilyoffice.com.br\/politica-de-privacidade\/\"> Pol\u00edtica de Privacidade<\/a>.<\/label><\/span><\/div>\t\t\t\t<\/div>\n\t\t\t\t\t\t\t\t<div class=\"elementor-field-group elementor-column elementor-field-type-submit elementor-col-100 e-form__buttons\">\n\t\t\t\t\t<button class=\"elementor-button elementor-size-sm\" type=\"submit\">\n\t\t\t\t\t\t<span class=\"elementor-button-content-wrapper\">\n\t\t\t\t\t\t\t\t\t\t\t\t\t\t\t\t\t\t\t\t\t\t<span class=\"elementor-button-text\">Enviar<\/span>\n\t\t\t\t\t\t\t\t\t\t\t\t\t<\/span>\n\t\t\t\t\t<\/button>\n\t\t\t\t<\/div>\n\t\t\t<\/div>\n\t\t<\/form>\n\t\t\t\t\t\t<\/div>\n\t\t\t\t<\/div>\n\t\t\t\t<div class=\"elementor-element elementor-element-9483792 elementor-widget elementor-widget-html\" data-id=\"9483792\" data-element_type=\"widget\" data-e-type=\"widget\" data-widget_type=\"html.default\">\n\t\t\t\t<div class=\"elementor-widget-container\">\n\t\t\t\t\t<script>\ndocument.addEventListener(\"DOMContentLoaded\", function(event) {    \njQuery('#section-1-texto-ler-mais a').click(function(){\ndocument.querySelector('.section-1-texto').classList.toggle(\"section-1-texto-active\");\n      });\n});\n\n\ndocument.addEventListener(\"DOMContentLoaded\", function(event) {    \njQuery('#section-2-cards-button-exp a').click(function(){\ndocument.querySelector('.section-2-cards-exp').classList.toggle(\"section-2-cards-active\");\n      });\n});\n\ndocument.addEventListener(\"DOMContentLoaded\", function(event) {    \njQuery('#section-2-cards-button-seg a').click(function(){\ndocument.querySelector('.section-2-cards-seg').classList.toggle(\"section-2-cards-seg-active\");\n      });\n});\n\ndocument.addEventListener(\"DOMContentLoaded\", function(event) {    \njQuery('#section-2-cards-button-vis a').click(function(){\ndocument.querySelector('.section-2-cards-vis').classList.toggle(\"section-2-cards-vis-active\");\n      });\n});\n\ndocument.addEventListener(\"DOMContentLoaded\", function(event) {    \njQuery('#section-2-cards-button-consul a').click(function(){\ndocument.querySelector('.section-2-cards-consul').classList.toggle(\"section-2-cards-consul-active\");\n      });\n});\n\n\ndocument.addEventListener(\"DOMContentLoaded\", function(event) {    \njQuery('#section-2-cards-button-adm a').click(function(){\ndocument.querySelector('.section-2-cards-adm').classList.toggle(\"section-2-cards-adm-active\");\n      });\n});\n\n\ndocument.addEventListener(\"DOMContentLoaded\", function(event) {    \njQuery('#section-2-cards-button-asset a').click(function(){\ndocument.querySelector('.section-2-cards-asset').classList.toggle(\"section-2-cards-asset-active\");\n      });\n});\n\n\n\n\n\n\n\n\n\/\/ const galeria = document.querySelector('#nossa-equipe').children[0].children[1].children;\n\/\/ const card = document.querySelectorAll('.nossa-equipe-card');\n\/\/ const button = document.querySelectorAll('.nossa-equipe-card-button a');\n\/\/ const buttonRight = document.querySelectorAll('.nossa-equipe-card-button-right a');\n\/\/ const buttonLeft = document.querySelectorAll('.nossa-equipe-card-button-left a');\n\n\/\/ let currentIndex = 0; \/\/ Declare a variable to keep track of the current index\n\n\/\/ for (let i = 0; i < galeria.length; i = i + 1) {\n\/\/     \/\/ Click event listener for gallery image\n\/\/     galeria[i].addEventListener(\"click\", function() {\n\/\/         \/\/ Remove \"nossa-equipe-card-active\" class from current card\n\/\/         card[currentIndex].classList.remove(\"nossa-equipe-card-active\");\n\/\/         currentIndex = i; \/\/ Update the current index to the clicked card\n\/\/         \/\/ Add \"nossa-equipe-card-active\" class to clicked card\n\/\/         card[currentIndex].classList.add(\"nossa-equipe-card-active\");\n\/\/     });\n\/\/ }\n\n\/\/ for (let r = 0; r < buttonRight.length; r++) {\n\/\/     \/\/ Click event listener for \"next\" button\n\/\/     buttonRight[r].addEventListener(\"click\", function() {\n\/\/         card[currentIndex].classList.remove(\"nossa-equipe-card-active\");\n\/\/         currentIndex = (currentIndex + 1) % card.length; \/\/ Update current index for next card\n\/\/         card[currentIndex].classList.add(\"nossa-equipe-card-active\");\n\/\/     });\n\n\/\/     \/\/ Click event listener for \"previous\" button\n\/\/     buttonLeft[r].addEventListener(\"click\", function() {\n\/\/         card[currentIndex].classList.remove(\"nossa-equipe-card-active\");\n\/\/         currentIndex = (currentIndex - 1 + card.length) % card.length; \/\/ Update current index for previous card\n\/\/         card[currentIndex].classList.add(\"nossa-equipe-card-active\");\n\/\/     });\n\n\/\/     \/\/ Click event listener for \"close\" button\n\/\/     button[r].addEventListener(\"click\", function() {\n\/\/         card[currentIndex].classList.remove(\"nossa-equipe-card-active\");\n\/\/     });\n\/\/ }\n\n<\/script>\t\t\t\t<\/div>\n\t\t\t\t<\/div>\n\t\t\t\t<\/div>\n\t\t\t\t\t<\/div>\n\t\t\t\t<\/div>\n\t\t\t\t<\/div>\n\t\t<div class=\"elementor-element elementor-element-5f73f2a e-con-full e-flex e-con e-child\" data-id=\"5f73f2a\" data-element_type=\"container\" data-e-type=\"container\" data-settings=\"{&quot;background_background&quot;:&quot;classic&quot;}\">\n\t\t\t\t<\/div>\n\t\t\t\t<\/div>\n\t\t\t\t<\/div>\n\t\t\t\t<\/div>\n\t\t","protected":false},"excerpt":{"rendered":"<p>Acesse aqui nossas pol\u00edticas de governan\u00e7a Formul\u00e1rio de Refer\u00eancia Manual de Compliance C\u00f3digo de \u00c9tica PLDFT Pol\u00edtica de Investimentos Pessoais Pol\u00edtica de Gest\u00e3o de Risco Pol\u00edtica de Seguran\u00e7a da Informa\u00e7\u00e3o Pol\u00edtica de Rateio e Divis\u00e3o de Ordens Voltar para o \u00ednicio A sofistica\u00e7\u00e3o de quem sempre foi e sempre ser\u00e1 independente. Sempre moderno como quem [&hellip;]<\/p>\n","protected":false},"author":2,"featured_media":2464,"parent":0,"menu_order":0,"comment_status":"closed","ping_status":"closed","template":"elementor_header_footer","meta":{"footnotes":""},"class_list":["post-707","page","type-page","status-publish","has-post-thumbnail","hentry"],"yoast_head":"<!-- This site is optimized with the Yoast SEO plugin v27.2 - https:\/\/yoast.com\/product\/yoast-seo-wordpress\/ -->\n<title>Documentos - AMB<\/title>\n<meta name=\"robots\" content=\"index, follow, max-snippet:-1, max-image-preview:large, max-video-preview:-1\" \/>\n<link rel=\"canonical\" href=\"https:\/\/ambfamilyoffice.com.br\/en\/documentos\/\" \/>\n<meta property=\"og:locale\" content=\"en_US\" \/>\n<meta property=\"og:type\" content=\"article\" \/>\n<meta property=\"og:title\" content=\"Documentos - AMB\" \/>\n<meta property=\"og:description\" content=\"Acesse aqui nossas pol\u00edticas de governan\u00e7a Formul\u00e1rio de Refer\u00eancia Manual de Compliance C\u00f3digo de \u00c9tica PLDFT Pol\u00edtica de Investimentos Pessoais Pol\u00edtica de Gest\u00e3o de Risco Pol\u00edtica de Seguran\u00e7a da Informa\u00e7\u00e3o Pol\u00edtica de Rateio e Divis\u00e3o de Ordens Voltar para o \u00ednicio A sofistica\u00e7\u00e3o de quem sempre foi e sempre ser\u00e1 independente. Sempre moderno como quem [&hellip;]\" \/>\n<meta property=\"og:url\" content=\"https:\/\/ambfamilyoffice.com.br\/en\/documentos\/\" \/>\n<meta property=\"og:site_name\" content=\"AMB\" \/>\n<meta property=\"article:modified_time\" content=\"2025-08-22T12:35:32+00:00\" \/>\n<meta property=\"og:image\" content=\"http:\/\/ambfamilyoffice.com.br\/wp-content\/uploads\/2024\/12\/thumb-amb.webp\" \/>\n\t<meta property=\"og:image:width\" content=\"1920\" \/>\n\t<meta property=\"og:image:height\" content=\"1080\" \/>\n\t<meta property=\"og:image:type\" content=\"image\/webp\" \/>\n<meta name=\"twitter:card\" content=\"summary_large_image\" \/>\n<meta name=\"twitter:label1\" content=\"Est. reading time\" \/>\n\t<meta name=\"twitter:data1\" content=\"1 minute\" \/>\n<script type=\"application\/ld+json\" class=\"yoast-schema-graph\">{\"@context\":\"https:\/\/schema.org\",\"@graph\":[{\"@type\":\"WebPage\",\"@id\":\"https:\/\/ambfamilyoffice.com.br\/documentos\/\",\"url\":\"https:\/\/ambfamilyoffice.com.br\/documentos\/\",\"name\":\"Documentos - AMB\",\"isPartOf\":{\"@id\":\"https:\/\/ambfamilyoffice.com.br\/#website\"},\"primaryImageOfPage\":{\"@id\":\"https:\/\/ambfamilyoffice.com.br\/documentos\/#primaryimage\"},\"image\":{\"@id\":\"https:\/\/ambfamilyoffice.com.br\/documentos\/#primaryimage\"},\"thumbnailUrl\":\"https:\/\/ambfamilyoffice.com.br\/wp-content\/uploads\/2024\/12\/thumb-amb.webp\",\"datePublished\":\"2023-04-12T21:47:37+00:00\",\"dateModified\":\"2025-08-22T12:35:32+00:00\",\"breadcrumb\":{\"@id\":\"https:\/\/ambfamilyoffice.com.br\/documentos\/#breadcrumb\"},\"inLanguage\":\"en-US\",\"potentialAction\":[{\"@type\":\"ReadAction\",\"target\":[\"https:\/\/ambfamilyoffice.com.br\/documentos\/\"]}]},{\"@type\":\"ImageObject\",\"inLanguage\":\"en-US\",\"@id\":\"https:\/\/ambfamilyoffice.com.br\/documentos\/#primaryimage\",\"url\":\"https:\/\/ambfamilyoffice.com.br\/wp-content\/uploads\/2024\/12\/thumb-amb.webp\",\"contentUrl\":\"https:\/\/ambfamilyoffice.com.br\/wp-content\/uploads\/2024\/12\/thumb-amb.webp\",\"width\":1920,\"height\":1080},{\"@type\":\"BreadcrumbList\",\"@id\":\"https:\/\/ambfamilyoffice.com.br\/documentos\/#breadcrumb\",\"itemListElement\":[{\"@type\":\"ListItem\",\"position\":1,\"name\":\"In\u00edcio\",\"item\":\"https:\/\/ambfamilyoffice.com.br\/\"},{\"@type\":\"ListItem\",\"position\":2,\"name\":\"Documentos\"}]},{\"@type\":\"WebSite\",\"@id\":\"https:\/\/ambfamilyoffice.com.br\/#website\",\"url\":\"https:\/\/ambfamilyoffice.com.br\/\",\"name\":\"AMB\",\"description\":\"\",\"publisher\":{\"@id\":\"https:\/\/ambfamilyoffice.com.br\/#organization\"},\"potentialAction\":[{\"@type\":\"SearchAction\",\"target\":{\"@type\":\"EntryPoint\",\"urlTemplate\":\"https:\/\/ambfamilyoffice.com.br\/?s={search_term_string}\"},\"query-input\":{\"@type\":\"PropertyValueSpecification\",\"valueRequired\":true,\"valueName\":\"search_term_string\"}}],\"inLanguage\":\"en-US\"},{\"@type\":\"Organization\",\"@id\":\"https:\/\/ambfamilyoffice.com.br\/#organization\",\"name\":\"AMB\",\"url\":\"https:\/\/ambfamilyoffice.com.br\/\",\"logo\":{\"@type\":\"ImageObject\",\"inLanguage\":\"en-US\",\"@id\":\"https:\/\/ambfamilyoffice.com.br\/#\/schema\/logo\/image\/\",\"url\":\"https:\/\/ambfamilyoffice.com.br\/wp-content\/uploads\/2026\/02\/Design-sem-nome-31.png\",\"contentUrl\":\"https:\/\/ambfamilyoffice.com.br\/wp-content\/uploads\/2026\/02\/Design-sem-nome-31.png\",\"width\":512,\"height\":512,\"caption\":\"AMB\"},\"image\":{\"@id\":\"https:\/\/ambfamilyoffice.com.br\/#\/schema\/logo\/image\/\"}}]}<\/script>\n<!-- \/ Yoast SEO plugin. -->","yoast_head_json":{"title":"Documentos - AMB","robots":{"index":"index","follow":"follow","max-snippet":"max-snippet:-1","max-image-preview":"max-image-preview:large","max-video-preview":"max-video-preview:-1"},"canonical":"https:\/\/ambfamilyoffice.com.br\/en\/documentos\/","og_locale":"en_US","og_type":"article","og_title":"Documentos - AMB","og_description":"Acesse aqui nossas pol\u00edticas de governan\u00e7a Formul\u00e1rio de Refer\u00eancia Manual de Compliance C\u00f3digo de \u00c9tica PLDFT Pol\u00edtica de Investimentos Pessoais Pol\u00edtica de Gest\u00e3o de Risco Pol\u00edtica de Seguran\u00e7a da Informa\u00e7\u00e3o Pol\u00edtica de Rateio e Divis\u00e3o de Ordens Voltar para o \u00ednicio A sofistica\u00e7\u00e3o de quem sempre foi e sempre ser\u00e1 independente. Sempre moderno como quem [&hellip;]","og_url":"https:\/\/ambfamilyoffice.com.br\/en\/documentos\/","og_site_name":"AMB","article_modified_time":"2025-08-22T12:35:32+00:00","og_image":[{"width":1920,"height":1080,"url":"http:\/\/ambfamilyoffice.com.br\/wp-content\/uploads\/2024\/12\/thumb-amb.webp","type":"image\/webp"}],"twitter_card":"summary_large_image","twitter_misc":{"Est. reading time":"1 minute"},"schema":{"@context":"https:\/\/schema.org","@graph":[{"@type":"WebPage","@id":"https:\/\/ambfamilyoffice.com.br\/documentos\/","url":"https:\/\/ambfamilyoffice.com.br\/documentos\/","name":"Documentos - AMB","isPartOf":{"@id":"https:\/\/ambfamilyoffice.com.br\/#website"},"primaryImageOfPage":{"@id":"https:\/\/ambfamilyoffice.com.br\/documentos\/#primaryimage"},"image":{"@id":"https:\/\/ambfamilyoffice.com.br\/documentos\/#primaryimage"},"thumbnailUrl":"https:\/\/ambfamilyoffice.com.br\/wp-content\/uploads\/2024\/12\/thumb-amb.webp","datePublished":"2023-04-12T21:47:37+00:00","dateModified":"2025-08-22T12:35:32+00:00","breadcrumb":{"@id":"https:\/\/ambfamilyoffice.com.br\/documentos\/#breadcrumb"},"inLanguage":"en-US","potentialAction":[{"@type":"ReadAction","target":["https:\/\/ambfamilyoffice.com.br\/documentos\/"]}]},{"@type":"ImageObject","inLanguage":"en-US","@id":"https:\/\/ambfamilyoffice.com.br\/documentos\/#primaryimage","url":"https:\/\/ambfamilyoffice.com.br\/wp-content\/uploads\/2024\/12\/thumb-amb.webp","contentUrl":"https:\/\/ambfamilyoffice.com.br\/wp-content\/uploads\/2024\/12\/thumb-amb.webp","width":1920,"height":1080},{"@type":"BreadcrumbList","@id":"https:\/\/ambfamilyoffice.com.br\/documentos\/#breadcrumb","itemListElement":[{"@type":"ListItem","position":1,"name":"In\u00edcio","item":"https:\/\/ambfamilyoffice.com.br\/"},{"@type":"ListItem","position":2,"name":"Documentos"}]},{"@type":"WebSite","@id":"https:\/\/ambfamilyoffice.com.br\/#website","url":"https:\/\/ambfamilyoffice.com.br\/","name":"AMB","description":"","publisher":{"@id":"https:\/\/ambfamilyoffice.com.br\/#organization"},"potentialAction":[{"@type":"SearchAction","target":{"@type":"EntryPoint","urlTemplate":"https:\/\/ambfamilyoffice.com.br\/?s={search_term_string}"},"query-input":{"@type":"PropertyValueSpecification","valueRequired":true,"valueName":"search_term_string"}}],"inLanguage":"en-US"},{"@type":"Organization","@id":"https:\/\/ambfamilyoffice.com.br\/#organization","name":"AMB","url":"https:\/\/ambfamilyoffice.com.br\/","logo":{"@type":"ImageObject","inLanguage":"en-US","@id":"https:\/\/ambfamilyoffice.com.br\/#\/schema\/logo\/image\/","url":"https:\/\/ambfamilyoffice.com.br\/wp-content\/uploads\/2026\/02\/Design-sem-nome-31.png","contentUrl":"https:\/\/ambfamilyoffice.com.br\/wp-content\/uploads\/2026\/02\/Design-sem-nome-31.png","width":512,"height":512,"caption":"AMB"},"image":{"@id":"https:\/\/ambfamilyoffice.com.br\/#\/schema\/logo\/image\/"}}]}},"_links":{"self":[{"href":"https:\/\/ambfamilyoffice.com.br\/en\/wp-json\/wp\/v2\/pages\/707","targetHints":{"allow":["GET"]}}],"collection":[{"href":"https:\/\/ambfamilyoffice.com.br\/en\/wp-json\/wp\/v2\/pages"}],"about":[{"href":"https:\/\/ambfamilyoffice.com.br\/en\/wp-json\/wp\/v2\/types\/page"}],"author":[{"embeddable":true,"href":"https:\/\/ambfamilyoffice.com.br\/en\/wp-json\/wp\/v2\/users\/2"}],"replies":[{"embeddable":true,"href":"https:\/\/ambfamilyoffice.com.br\/en\/wp-json\/wp\/v2\/comments?post=707"}],"version-history":[{"count":0,"href":"https:\/\/ambfamilyoffice.com.br\/en\/wp-json\/wp\/v2\/pages\/707\/revisions"}],"wp:featuredmedia":[{"embeddable":true,"href":"https:\/\/ambfamilyoffice.com.br\/en\/wp-json\/wp\/v2\/media\/2464"}],"wp:attachment":[{"href":"https:\/\/ambfamilyoffice.com.br\/en\/wp-json\/wp\/v2\/media?parent=707"}],"curies":[{"name":"wp","href":"https:\/\/api.w.org\/{rel}","templated":true}]}}